{"id":2660,"date":"2022-01-14T19:17:20","date_gmt":"2022-01-14T17:17:20","guid":{"rendered":"http:\/\/13.53.255.122\/?page_id=2660"},"modified":"2026-03-18T21:44:44","modified_gmt":"2026-03-18T19:44:44","slug":"terms-of-use","status":"publish","type":"page","link":"https:\/\/web-studio.lv\/en\/terms-of-use\/","title":{"rendered":"Terms of use"},"content":{"rendered":"<div data-elementor-type=\"wp-page\" data-elementor-id=\"2660\" class=\"elementor elementor-2660\" data-elementor-post-type=\"page\">\n\t\t\t\t\t\t<section class=\"elementor-section elementor-top-section elementor-element elementor-element-ff0e694 elementor-section-boxed elementor-section-height-default elementor-section-height-default\" data-id=\"ff0e694\" data-element_type=\"section\" data-e-type=\"section\">\n\t\t\t\t\t\t<div class=\"elementor-container elementor-column-gap-default\">\n\t\t\t\t\t<div class=\"elementor-column elementor-col-100 elementor-top-column elementor-element elementor-element-ac2f1f9\" data-id=\"ac2f1f9\" data-element_type=\"column\" data-e-type=\"column\">\n\t\t\t<div class=\"elementor-widget-wrap elementor-element-populated\">\n\t\t\t\t\t\t<div class=\"elementor-element elementor-element-802a6ad elementor-widget elementor-widget-heading\" data-id=\"802a6ad\" data-element_type=\"widget\" data-e-type=\"widget\" data-widget_type=\"heading.default\">\n\t\t\t\t<div class=\"elementor-widget-container\">\n\t\t\t\t\t<h1 class=\"elementor-heading-title elementor-size-default\">Terms of use of the website WEB-Studio.lv<\/h1>\t\t\t\t<\/div>\n\t\t\t\t<\/div>\n\t\t\t\t<div class=\"elementor-element elementor-element-0b501ce elementor-widget elementor-widget-text-editor\" data-id=\"0b501ce\" data-element_type=\"widget\" data-e-type=\"widget\" data-widget_type=\"text-editor.default\">\n\t\t\t\t<div class=\"elementor-widget-container\">\n\t\t\t\t\t\t\t\t\t<p>Welcome to our website. If you continue to browse and use this site, you agree to abide by the following terms of use, which together with our cookie policy govern WEB-Studio.lv&#039;s relationship with you in relation to this site and the information and images published on it.<\/p><p><span style=\"color: #ff0000;\">If you do not agree with any part of these terms and conditions, please do not use WEB-Studio.lv.<\/span><\/p><p>Use of this site is subject to the following terms of use:<\/p><ul><li>Copying and republishing of site content is prohibited.<\/li><li>The content of the pages on this site is for general information and use only. It is subject to change without notice.<\/li><li>This site uses cookies to monitor your browsing preferences. Please read the Privacy Policy Reference on the use of cookies for more information.<\/li><li>Use of any information or materials available on this site is at your own risk, for which we are not responsible. You are solely responsible for using all information and services available on this site in accordance with your needs.<\/li><li>Neither we nor third parties provide any guarantee as to the accuracy of the factual or historical information contained or provided on this site. You acknowledge that such information may contain inaccuracies or errors, and we expressly exclude liability for such inaccuracies or errors in their entirety.<\/li><li>This site may also contain links to other sites. These links are provided for your convenience to provide additional information. This does not mean that we endorse the site (s) in any way and that we are not responsible for the content of the linked site (s).<\/li><\/ul>\t\t\t\t\t\t\t\t<\/div>\n\t\t\t\t<\/div>\n\t\t\t\t\t<\/div>\n\t\t<\/div>\n\t\t\t\t\t<\/div>\n\t\t<\/section>\n\t\t\t\t<\/div>","protected":false},"excerpt":{"rendered":"<p>Vietnes WEB-Studio.lv lieto\u0161anas noteikumi Laipni l\u016bdzam m\u016bsu vietn\u0113. Ja turpin\u0101sit p\u0101rl\u016bkot un izmantot \u0161o vietni, j\u016bs piekr\u012btat iev\u0113rot \u0161\u0101dus lieto\u0161anas noteikumus, kas kop\u0101 ar m\u016bsu s\u012bkfailu politiku regul\u0113 WEB-Studio.lv attiec\u012bbas ar Jums saist\u012bb\u0101 ar \u0161o vietni un taj\u0101 public\u0113to inform\u0101ciju un att\u0113liem. Ja nepiekr\u012btat k\u0101dai \u0161o noteikumu un nosac\u012bjumu da\u013cai, l\u016bdzu, neizmantojiet vietni WEB-Studio.lv. Uz [&hellip;]<\/p>\n","protected":false},"author":2,"featured_media":0,"parent":0,"menu_order":0,"comment_status":"closed","ping_status":"closed","template":"","meta":{"footnotes":""},"class_list":["post-2660","page","type-page","status-publish","hentry"],"_links":{"self":[{"href":"https:\/\/web-studio.lv\/en\/wp-json\/wp\/v2\/pages\/2660","targetHints":{"allow":["GET"]}}],"collection":[{"href":"https:\/\/web-studio.lv\/en\/wp-json\/wp\/v2\/pages"}],"about":[{"href":"https:\/\/web-studio.lv\/en\/wp-json\/wp\/v2\/types\/page"}],"author":[{"embeddable":true,"href":"https:\/\/web-studio.lv\/en\/wp-json\/wp\/v2\/users\/2"}],"replies":[{"embeddable":true,"href":"https:\/\/web-studio.lv\/en\/wp-json\/wp\/v2\/comments?post=2660"}],"version-history":[{"count":0,"href":"https:\/\/web-studio.lv\/en\/wp-json\/wp\/v2\/pages\/2660\/revisions"}],"wp:attachment":[{"href":"https:\/\/web-studio.lv\/en\/wp-json\/wp\/v2\/media?parent=2660"}],"curies":[{"name":"wp","href":"https:\/\/api.w.org\/{rel}","templated":true}]}}