{"id":164,"date":"2017-09-21T19:40:30","date_gmt":"2017-09-21T17:40:30","guid":{"rendered":"http:\/\/16.170.237.3\/contact\/"},"modified":"2026-03-18T22:13:41","modified_gmt":"2026-03-18T20:13:41","slug":"%d0%ba%d0%be%d0%bd%d1%82%d0%b0%d0%ba%d1%82%d1%8b","status":"publish","type":"page","link":"https:\/\/web-studio.lv\/ru\/%d0%ba%d0%be%d0%bd%d1%82%d0%b0%d0%ba%d1%82%d1%8b\/","title":{"rendered":"K\u043e\u043d\u0442\u0430\u043a\u0442\u044b"},"content":{"rendered":"\t\t<div data-elementor-type=\"wp-post\" data-elementor-id=\"164\" class=\"elementor elementor-164\" data-elementor-post-type=\"page\">\n\t\t\t\t\t\t<section data-uael-partstyle=\"default\" data-uael-partcolor=\"\" data-uael-partopacity=\"0\" data-uael-partdirection=\"bottom\" class=\"elementor-section elementor-top-section elementor-element elementor-element-4220ba19 uael-particle-yes elementor-section-boxed elementor-section-height-default elementor-section-height-default uael-particle-adv-no\" data-id=\"4220ba19\" data-element_type=\"section\" data-e-type=\"section\">\n\t\t\t\t\t\t\t<div class=\"elementor-background-overlay\"><\/div>\n\t\t\t\t\t\t\t<div class=\"elementor-container elementor-column-gap-default\">\n\t\t\t\t\t<div class=\"elementor-column elementor-col-100 elementor-top-column elementor-element elementor-element-2a596338\" data-id=\"2a596338\" data-element_type=\"column\" data-e-type=\"column\">\n\t\t\t<div class=\"elementor-widget-wrap elementor-element-populated\">\n\t\t\t\t\t\t<div class=\"elementor-element elementor-element-0470546 elementor-widget elementor-widget-heading\" data-id=\"0470546\" data-element_type=\"widget\" data-e-type=\"widget\" data-widget_type=\"heading.default\">\n\t\t\t\t<div class=\"elementor-widget-container\">\n\t\t\t\t\t<h1 class=\"elementor-heading-title elementor-size-default\">Piesakies konsult\u0101cijai!<\/h1>\t\t\t\t<\/div>\n\t\t\t\t<\/div>\n\t\t\t\t<div class=\"elementor-element elementor-element-29c17e4 elementor-mobile-button-align-start elementor-button-align-stretch elementor-widget elementor-widget-form\" data-id=\"29c17e4\" data-element_type=\"widget\" data-e-type=\"widget\" data-settings=\"{&quot;button_width&quot;:&quot;40&quot;,&quot;step_next_label&quot;:&quot;Next&quot;,&quot;step_previous_label&quot;:&quot;Previous&quot;,&quot;step_type&quot;:&quot;number_text&quot;,&quot;step_icon_shape&quot;:&quot;circle&quot;}\" data-widget_type=\"form.default\">\n\t\t\t\t<div class=\"elementor-widget-container\">\n\t\t\t\t\t\t\t<form class=\"elementor-form\" method=\"post\" name=\"Kontaktu forma\" aria-label=\"Kontaktu forma\">\n\t\t\t<input type=\"hidden\" name=\"post_id\" value=\"164\"\/>\n\t\t\t<input type=\"hidden\" name=\"form_id\" value=\"29c17e4\"\/>\n\t\t\t<input type=\"hidden\" name=\"referer_title\" value=\"Kontakti | Pieteikties bezmaksas konsult\u0101cijai | WEB-Studio\" \/>\n\n\t\t\t\t\t\t\t<input type=\"hidden\" name=\"queried_id\" value=\"164\"\/>\n\t\t\t\n\t\t\t<div class=\"elementor-form-fields-wrapper elementor-labels-above\">\n\t\t\t\t\t\t\t\t<div class=\"elementor-field-type-text elementor-field-group elementor-column elementor-field-group-name elementor-col-33 elementor-field-required\">\n\t\t\t\t\t\t\t\t\t\t\t\t<label for=\"form-field-name\" class=\"elementor-field-label\">\n\t\t\t\t\t\t\t\tJ\u016bsu v\u0101rds\t\t\t\t\t\t\t<\/label>\n\t\t\t\t\t\t\t\t\t\t\t\t\t\t<input size=\"1\" type=\"text\" name=\"form_fields[name]\" id=\"form-field-name\" class=\"elementor-field elementor-size-sm  elementor-field-textual\" required=\"required\">\n\t\t\t\t\t\t\t\t\t\t\t<\/div>\n\t\t\t\t\t\t\t\t<div class=\"elementor-field-type-email elementor-field-group elementor-column elementor-field-group-email elementor-col-33 elementor-field-required\">\n\t\t\t\t\t\t\t\t\t\t\t\t<label for=\"form-field-email\" class=\"elementor-field-label\">\n\t\t\t\t\t\t\t\tJ\u016bsu e-pasta adrese\t\t\t\t\t\t\t<\/label>\n\t\t\t\t\t\t\t\t\t\t\t\t\t\t<input size=\"1\" type=\"email\" name=\"form_fields[email]\" id=\"form-field-email\" class=\"elementor-field elementor-size-sm  elementor-field-textual\" required=\"required\">\n\t\t\t\t\t\t\t\t\t\t\t<\/div>\n\t\t\t\t\t\t\t\t<div class=\"elementor-field-type-tel elementor-field-group elementor-column elementor-field-group-field_0a2290d elementor-col-33 elementor-field-required\">\n\t\t\t\t\t\t\t\t\t\t\t\t<label for=\"form-field-field_0a2290d\" class=\"elementor-field-label\">\n\t\t\t\t\t\t\t\tJ\u016bsu t\u0101lru\u0146a numurs\t\t\t\t\t\t\t<\/label>\n\t\t\t\t\t\t\t\t<input size=\"1\" type=\"tel\" name=\"form_fields[field_0a2290d]\" id=\"form-field-field_0a2290d\" class=\"elementor-field elementor-size-sm  elementor-field-textual\" required=\"required\" pattern=\"[0-9()#&amp;+*-=.]+\" title=\"\u041f\u0440\u0438\u043d\u0438\u043c\u0430\u044e\u0442\u0441\u044f \u0442\u043e\u043b\u044c\u043a\u043e \u0446\u0438\u0444\u0440\u044b \u0438 \u0442\u0435\u043b\u0435\u0444\u043e\u043d\u043d\u044b\u0435 \u0441\u0438\u043c\u0432\u043e\u043b\u044b (#, -, * \u0438 \u0442. \u0434.).\">\n\n\t\t\t\t\t\t<\/div>\n\t\t\t\t\t\t\t\t<div class=\"elementor-field-type-text elementor-field-group elementor-column elementor-field-group-field_6fb83ad elementor-col-50 elementor-field-required\">\n\t\t\t\t\t\t\t\t\t\t\t\t<label for=\"form-field-field_6fb83ad\" class=\"elementor-field-label\">\n\t\t\t\t\t\t\t\tUz\u0146\u0113muma nosaukums  \t\t\t\t\t\t\t<\/label>\n\t\t\t\t\t\t\t\t\t\t\t\t\t\t<input size=\"1\" type=\"text\" name=\"form_fields[field_6fb83ad]\" id=\"form-field-field_6fb83ad\" class=\"elementor-field elementor-size-sm  elementor-field-textual\" required=\"required\">\n\t\t\t\t\t\t\t\t\t\t\t<\/div>\n\t\t\t\t\t\t\t\t<div class=\"elementor-field-type-text elementor-field-group elementor-column elementor-field-group-message elementor-col-50\">\n\t\t\t\t\t\t\t\t\t\t\t\t<label for=\"form-field-message\" class=\"elementor-field-label\">\n\t\t\t\t\t\t\t\tM\u0101jaslapas adrese\t\t\t\t\t\t\t<\/label>\n\t\t\t\t\t\t\t\t\t\t\t\t\t\t<input size=\"1\" type=\"text\" name=\"form_fields[message]\" id=\"form-field-message\" class=\"elementor-field elementor-size-sm  elementor-field-textual\">\n\t\t\t\t\t\t\t\t\t\t\t<\/div>\n\t\t\t\t\t\t\t\t<div class=\"elementor-field-type-checkbox elementor-field-group elementor-column elementor-field-group-field_e4ef5d0 elementor-col-100\">\n\t\t\t\t\t\t\t\t\t\t\t\t<label for=\"form-field-field_e4ef5d0\" class=\"elementor-field-label\">\n\t\t\t\t\t\t\t\tK\u0101di pakalpojumi J\u016bs interes\u0113? (var atz\u012bm\u0113t vair\u0101kus variantus)\t\t\t\t\t\t\t<\/label>\n\t\t\t\t\t\t<div class=\"elementor-field-subgroup  \"><span class=\"elementor-field-option\"><input type=\"checkbox\" value=\"Strat\u0113\u0123ija (anal\u012bze, pozicion\u0113\u0161ana, segment\u0101cija, m\u0101rketinga strat\u0113\u0123ija)\" id=\"form-field-field_e4ef5d0-0\" name=\"form_fields[field_e4ef5d0][]\"> <label for=\"form-field-field_e4ef5d0-0\">Strat\u0113\u0123ija (anal\u012bze, pozicion\u0113\u0161ana, segment\u0101cija, m\u0101rketinga strat\u0113\u0123ija)<\/label><\/span><span class=\"elementor-field-option\"><input type=\"checkbox\" value=\"Z\u012bmola izstr\u0101de un dizains\" id=\"form-field-field_e4ef5d0-1\" name=\"form_fields[field_e4ef5d0][]\"> <label for=\"form-field-field_e4ef5d0-1\">Z\u012bmola izstr\u0101de un dizains<\/label><\/span><span class=\"elementor-field-option\"><input type=\"checkbox\" value=\"Rado\u0161\u0101 komunik\u0101cija\" id=\"form-field-field_e4ef5d0-2\" name=\"form_fields[field_e4ef5d0][]\"> <label for=\"form-field-field_e4ef5d0-2\">Rado\u0161\u0101 komunik\u0101cija<\/label><\/span><span class=\"elementor-field-option\"><input type=\"checkbox\" value=\"WEB dizains un m\u0101jaslapu izstr\u0101de\" id=\"form-field-field_e4ef5d0-3\" name=\"form_fields[field_e4ef5d0][]\"> <label for=\"form-field-field_e4ef5d0-3\">WEB dizains un m\u0101jaslapu izstr\u0101de<\/label><\/span><span class=\"elementor-field-option\"><input type=\"checkbox\" value=\"SEO un m\u0101jaslapas optimiz\u0101cija\" id=\"form-field-field_e4ef5d0-4\" name=\"form_fields[field_e4ef5d0][]\"> <label for=\"form-field-field_e4ef5d0-4\">SEO un m\u0101jaslapas optimiz\u0101cija<\/label><\/span><span class=\"elementor-field-option\"><input type=\"checkbox\" value=\"Anal\u012btika un optimiz\u0101cija\" id=\"form-field-field_e4ef5d0-5\" name=\"form_fields[field_e4ef5d0][]\"> <label for=\"form-field-field_e4ef5d0-5\">Anal\u012btika un optimiz\u0101cija<\/label><\/span><span class=\"elementor-field-option\"><input type=\"checkbox\" value=\"Ilgtermi\u0146a m\u0101rketinga vad\u012bba\" id=\"form-field-field_e4ef5d0-6\" name=\"form_fields[field_e4ef5d0][]\"> <label for=\"form-field-field_e4ef5d0-6\">Ilgtermi\u0146a m\u0101rketinga vad\u012bba<\/label><\/span><span class=\"elementor-field-option\"><input type=\"checkbox\" value=\"Rekl\u0101mas materi\u0101lu sagatavo\u0161ana\" id=\"form-field-field_e4ef5d0-7\" name=\"form_fields[field_e4ef5d0][]\"> <label for=\"form-field-field_e4ef5d0-7\">Rekl\u0101mas materi\u0101lu sagatavo\u0161ana<\/label><\/span><\/div>\t\t\t\t<\/div>\n\t\t\t\t\t\t\t\t<div class=\"elementor-field-type-textarea elementor-field-group elementor-column elementor-field-group-field_445fbc2 elementor-col-100\">\n\t\t\t\t\t\t\t\t\t\t\t\t<label for=\"form-field-field_445fbc2\" class=\"elementor-field-label\">\n\t\t\t\t\t\t\t\tKoment\u0101rs\t\t\t\t\t\t\t<\/label>\n\t\t\t\t\t\t<textarea class=\"elementor-field-textual elementor-field  elementor-size-sm\" name=\"form_fields[field_445fbc2]\" id=\"form-field-field_445fbc2\" rows=\"4\"><\/textarea>\t\t\t\t<\/div>\n\t\t\t\t\t\t\t\t<div class=\"elementor-field-type-text\">\n\t\t\t\t\t<input size=\"1\" type=\"text\" name=\"form_fields[field_eed43e3]\" id=\"form-field-field_eed43e3\" class=\"elementor-field elementor-size-sm \" style=\"display:none !important;\">\t\t\t\t<\/div>\n\t\t\t\t\t\t\t\t<div class=\"elementor-field-group elementor-column elementor-field-type-submit elementor-col-40 e-form__buttons\">\n\t\t\t\t\t<button class=\"elementor-button elementor-size-sm elementor-animation-grow\" type=\"submit\">\n\t\t\t\t\t\t<span class=\"elementor-button-content-wrapper\">\n\t\t\t\t\t\t\t\t\t\t\t\t\t\t\t\t\t\t\t\t\t\t<span class=\"elementor-button-text\">Nos\u016bt\u012bt zi\u0146u<\/span>\n\t\t\t\t\t\t\t\t\t\t\t\t\t<\/span>\n\t\t\t\t\t<\/button>\n\t\t\t\t<\/div>\n\t\t\t<\/div>\n\t\t<\/form>\n\t\t\t\t\t\t<\/div>\n\t\t\t\t<\/div>\n\t\t\t\t\t<\/div>\n\t\t<\/div>\n\t\t\t\t\t<\/div>\n\t\t<\/section>\n\t\t\t\t<\/div>\n\t\t","protected":false},"excerpt":{"rendered":"<p>Piesakies konsult\u0101cijai!<\/p>","protected":false},"author":2,"featured_media":0,"parent":0,"menu_order":0,"comment_status":"closed","ping_status":"closed","template":"","meta":{"footnotes":""},"class_list":["post-164","page","type-page","status-publish","hentry"],"_links":{"self":[{"href":"https:\/\/web-studio.lv\/ru\/wp-json\/wp\/v2\/pages\/164","targetHints":{"allow":["GET"]}}],"collection":[{"href":"https:\/\/web-studio.lv\/ru\/wp-json\/wp\/v2\/pages"}],"about":[{"href":"https:\/\/web-studio.lv\/ru\/wp-json\/wp\/v2\/types\/page"}],"author":[{"embeddable":true,"href":"https:\/\/web-studio.lv\/ru\/wp-json\/wp\/v2\/users\/2"}],"replies":[{"embeddable":true,"href":"https:\/\/web-studio.lv\/ru\/wp-json\/wp\/v2\/comments?post=164"}],"version-history":[{"count":0,"href":"https:\/\/web-studio.lv\/ru\/wp-json\/wp\/v2\/pages\/164\/revisions"}],"wp:attachment":[{"href":"https:\/\/web-studio.lv\/ru\/wp-json\/wp\/v2\/media?parent=164"}],"curies":[{"name":"wp","href":"https:\/\/api.w.org\/{rel}","templated":true}]}}