{"id":3244,"date":"2022-05-04T16:36:03","date_gmt":"2022-05-04T14:36:03","guid":{"rendered":"http:\/\/www.web-studio.lv\/?page_id=3244"},"modified":"2026-03-17T21:23:32","modified_gmt":"2026-03-17T19:23:32","slug":"pamacibas","status":"publish","type":"page","link":"https:\/\/web-studio.lv\/ru\/pamacibas\/","title":{"rendered":"\u0438\u043d\u0441\u0442\u0440\u0443\u043a\u0446\u0438\u0438"},"content":{"rendered":"<div data-elementor-type=\"wp-page\" data-elementor-id=\"3244\" class=\"elementor elementor-3244\" data-elementor-post-type=\"page\">\n\t\t\t\t\t\t<section class=\"elementor-section elementor-top-section elementor-element elementor-element-2bf09f11 elementor-section-stretched elementor-section-boxed elementor-section-height-default elementor-section-height-default\" data-id=\"2bf09f11\" data-element_type=\"section\" data-e-type=\"section\" data-settings=\"{&quot;stretch_section&quot;:&quot;section-stretched&quot;}\">\n\t\t\t\t\t\t<div class=\"elementor-container elementor-column-gap-no\">\n\t\t\t\t\t<div class=\"elementor-column elementor-col-100 elementor-top-column elementor-element elementor-element-5b512d\" data-id=\"5b512d\" data-element_type=\"column\" data-e-type=\"column\">\n\t\t\t<div class=\"elementor-widget-wrap elementor-element-populated\">\n\t\t\t\t\t\t<div class=\"elementor-element elementor-element-cef15f7 uael-post__link-complete-yes uael-equal__height-yes uael-post__cta-fullwidth-yes elementor-widget elementor-widget-uael-posts\" data-id=\"cef15f7\" data-element_type=\"widget\" data-e-type=\"widget\" data-settings=\"{&quot;classic_slides_to_show&quot;:3,&quot;classic_slides_to_show_tablet&quot;:2,&quot;classic_slides_to_show_mobile&quot;:1}\" data-widget_type=\"uael-posts.classic\">\n\t\t\t\t<div class=\"elementor-widget-container\">\n\t\t\t\t\t\t\t<div class=\"uael-post__header\">\n\t\t\t\t\t<\/div>\n\t\t<div class=\"uael-post__body\">\n\t\t\t\n\t\t\n\t\t<div class=\"uael-blog-terms-position-media uael-post-image-top uael-post-grid uael-posts\" data-query-type=\"custom\" data-structure=\"normal\" data-layout=\"\" data-page=\"3244\" data-skin=\"classic\" data-filter-default=\"\" data-offset-top=\"30\" >\n\n\t\t\t\t\t\t\t<div class=\"uael-post-grid__inner uael-post__columns-3 uael-post__columns-tablet-2 uael-post__columns-mobile-1\">\n\t\t\t\n<div class=\"uael-post-wrapper   uncategorized\">\n\t<div class=\"uael-post__bg-wrap\">\n\n\t\t\t\t\t<a href=\"https:\/\/web-studio.lv\/ru\/uncategorized\/kas-ir-atribucija-un-atribucijas-modeli\/\" target=\"_blank\" class=\"uael-post__complete-box-overlay\" aria-label=\"\u0421\u0441\u044b\u043b\u043a\u0430 \u041f\u043e\u043b\u043d\u0430\u044f \u043a\u043e\u0440\u043e\u0431\u043a\u0430\"><\/a>\n\t\t\t\t\n\t\t<div class=\"uael-post__inner-wrap\">\n\n\t\t\n\t\t\t\n\t\t\t<div class=\"uael-post__content-wrap\">\n\t\t\t\t\t<h2 class=\"uael-post__title\">\n\n\t\t\t\t\tKas ir atrib\u016bcija un atrib\u016bcijas mode\u013ci?\t\t\t\t<\/h2>\n\t\t\n\t\t<div class=\"uael-post__excerpt\">\n\t\t\t<p>Kas ir atrib\u016bcija un k\u0101 atrib\u016bcijas mode\u013ci pal\u012bdz saprast, kuras rekl\u0101mas patie\u0161\u0101m str\u0101d\u0101. Praktiski piem\u0113ri, Google Analytics un UTM \u010deklists.<\/p>\n\t\t<\/div>\n\n\t\t\t\t\t<a class=\"uael-post__read-more elementor-button\" href=\"https:\/\/web-studio.lv\/ru\/uncategorized\/kas-ir-atribucija-un-atribucijas-modeli\/\" target=\"_blank\" aria-labelledby=\"uael-post-4545\">\n\t\t\t\t\t<span class=\"elementor-button-content-wrapper\">\n\t\t\t\t\t\t\t\t\t\t\t\t\t\t<span class=\"elementor-button-icon elementor-align-icon-left\">\n\n\t\t\t\t\t\t\t\t\t\n\t\t\t\t\t\t\t\t<\/span>\n\t\t\t\t\t\t\t\t\t\t\t\t\t\n\t\t\t\t\t\t<span class=\"elementor-button-text\" id=\"uael-post-4545\">\u0427\u0438\u0442\u0430\u0442\u044c \u0441\u0442\u0430\u0442\u044c\u044e \u043f\u043e\u043b\u043d\u043e\u0441\u0442\u044c\u044e \u2192<\/span>\n\t\t\t\t\t<\/span>\n\t\t\t\t<\/a>\n\t\t\t\t\t\t<\/div>\n\t\t\t\n\t\t<\/div>\n\t\t\n\t<\/div>\n\n<\/div>\n\n<div class=\"uael-post-wrapper   m\u0101rketing\">\n\t<div class=\"uael-post__bg-wrap\">\n\n\t\t\t\t\t<a href=\"https:\/\/web-studio.lv\/ru\/marketing\/radosuma-krize-2026\/\" target=\"_blank\" class=\"uael-post__complete-box-overlay\" aria-label=\"\u0421\u0441\u044b\u043b\u043a\u0430 \u041f\u043e\u043b\u043d\u0430\u044f \u043a\u043e\u0440\u043e\u0431\u043a\u0430\"><\/a>\n\t\t\t\t\n\t\t<div class=\"uael-post__inner-wrap\">\n\n\t\t\n\t\t\t\n\t\t\t<div class=\"uael-post__content-wrap\">\n\t\t\t\t\t<h2 class=\"uael-post__title\">\n\n\t\t\t\t\tRado\u0161uma kr\u012bze 2026\t\t\t\t<\/h2>\n\t\t\n\t\t<div class=\"uael-post__excerpt\">\n\t\t\t<p>K\u0101p\u0113c rekl\u0101mas bud\u017eeti aug, bet pirkumu skaits kr\u012bt? K\u0101 performance m\u0101rketings, AI vienveid\u012bba un m\u0101\u0146u krit\u0113riji izn\u012bcina rekl\u0101mas efektivit\u0101ti un k\u0101 to aptur\u0113t.<\/p>\n\t\t<\/div>\n\n\t\t\t\t\t<a class=\"uael-post__read-more elementor-button\" href=\"https:\/\/web-studio.lv\/ru\/marketing\/radosuma-krize-2026\/\" target=\"_blank\" aria-labelledby=\"uael-post-4490\">\n\t\t\t\t\t<span class=\"elementor-button-content-wrapper\">\n\t\t\t\t\t\t\t\t\t\t\t\t\t\t<span class=\"elementor-button-icon elementor-align-icon-left\">\n\n\t\t\t\t\t\t\t\t\t\n\t\t\t\t\t\t\t\t<\/span>\n\t\t\t\t\t\t\t\t\t\t\t\t\t\n\t\t\t\t\t\t<span class=\"elementor-button-text\" id=\"uael-post-4490\">\u0427\u0438\u0442\u0430\u0442\u044c \u0441\u0442\u0430\u0442\u044c\u044e \u043f\u043e\u043b\u043d\u043e\u0441\u0442\u044c\u044e \u2192<\/span>\n\t\t\t\t\t<\/span>\n\t\t\t\t<\/a>\n\t\t\t\t\t\t<\/div>\n\t\t\t\n\t\t<\/div>\n\t\t\n\t<\/div>\n\n<\/div>\n\n<div class=\"uael-post-wrapper   m\u0101rketing\">\n\t<div class=\"uael-post__bg-wrap\">\n\n\t\t\t\t\t<a href=\"https:\/\/web-studio.lv\/ru\/marketing\/%d1%81%d1%82%d1%80%d0%b0%d1%82%d0%b5%d0%b3%d0%b8%d1%8f-%d1%86%d0%b8%d1%84%d1%80%d0%be%d0%b2%d0%be%d0%b3%d0%be-%d0%bc%d0%b0%d1%80%d0%ba%d0%b5%d1%82%d0%b8%d0%bd%d0%b3%d0%b0-2026\/\" target=\"_blank\" class=\"uael-post__complete-box-overlay\" aria-label=\"\u0421\u0441\u044b\u043b\u043a\u0430 \u041f\u043e\u043b\u043d\u0430\u044f \u043a\u043e\u0440\u043e\u0431\u043a\u0430\"><\/a>\n\t\t\t\t\n\t\t<div class=\"uael-post__inner-wrap\">\n\n\t\t\n\t\t\t\n\t\t\t<div class=\"uael-post__content-wrap\">\n\t\t\t\t\t<h2 class=\"uael-post__title\">\n\n\t\t\t\t\t\u0420\u0443\u043a\u043e\u0432\u043e\u0434\u0441\u0442\u0432\u043e \u043f\u043e \u0441\u0442\u0440\u0430\u0442\u0435\u0433\u0438\u0438 \u0446\u0438\u0444\u0440\u043e\u0432\u043e\u0433\u043e \u043c\u0430\u0440\u043a\u0435\u0442\u0438\u043d\u0433\u0430 \u043d\u0430 2026 \u0433\u043e\u0434\t\t\t\t<\/h2>\n\t\t\n\t\t<div class=\"uael-post__excerpt\">\n\t\t\t<p>\u041f\u043e\u0447\u0435\u043c\u0443 60 % \u043f\u043e\u0438\u0441\u043a\u043e\u0432\u044b\u0445 \u0437\u0430\u043f\u0440\u043e\u0441\u043e\u0432 \u0437\u0430\u043a\u0430\u043d\u0447\u0438\u0432\u0430\u044e\u0442\u0441\u044f \u0431\u0435\u0437 \u043f\u0435\u0440\u0435\u0445\u043e\u0434\u0430 \u043d\u0430 \u0441\u0430\u0439\u0442 \u0438 \u043a\u0430\u043a \u0440\u0430\u0437\u0440\u0430\u0431\u043e\u0442\u0430\u0442\u044c \u044d\u0444\u0444\u0435\u043a\u0442\u0438\u0432\u043d\u0443\u044e \u043c\u0430\u0440\u043a\u0435\u0442\u0438\u043d\u0433\u043e\u0432\u0443\u044e \u0441\u0442\u0440\u0430\u0442\u0435\u0433\u0438\u044e \u0432 \u044d\u043f\u043e\u0445\u0443 \u0438\u0441\u043a\u0443\u0441\u0441\u0442\u0432\u0435\u043d\u043d\u043e\u0433\u043e \u0438\u043d\u0442\u0435\u043b\u043b\u0435\u043a\u0442\u0430. \u0420\u0443\u043a\u043e\u0432\u043e\u0434\u0441\u0442\u0432\u043e \u043f\u043e \u0443\u0432\u0435\u043b\u0438\u0447\u0435\u043d\u0438\u044e \u043f\u0440\u0438\u0431\u044b\u043b\u0438 \u0432 2026 \u0433\u043e\u0434\u0443.<\/p>\n\t\t<\/div>\n\n\t\t\t\t\t<a class=\"uael-post__read-more elementor-button\" href=\"https:\/\/web-studio.lv\/ru\/marketing\/%d1%81%d1%82%d1%80%d0%b0%d1%82%d0%b5%d0%b3%d0%b8%d1%8f-%d1%86%d0%b8%d1%84%d1%80%d0%be%d0%b2%d0%be%d0%b3%d0%be-%d0%bc%d0%b0%d1%80%d0%ba%d0%b5%d1%82%d0%b8%d0%bd%d0%b3%d0%b0-2026\/\" target=\"_blank\" aria-labelledby=\"uael-post-4438\">\n\t\t\t\t\t<span class=\"elementor-button-content-wrapper\">\n\t\t\t\t\t\t\t\t\t\t\t\t\t\t<span class=\"elementor-button-icon elementor-align-icon-left\">\n\n\t\t\t\t\t\t\t\t\t\n\t\t\t\t\t\t\t\t<\/span>\n\t\t\t\t\t\t\t\t\t\t\t\t\t\n\t\t\t\t\t\t<span class=\"elementor-button-text\" id=\"uael-post-4438\">\u0427\u0438\u0442\u0430\u0442\u044c \u0441\u0442\u0430\u0442\u044c\u044e \u043f\u043e\u043b\u043d\u043e\u0441\u0442\u044c\u044e \u2192<\/span>\n\t\t\t\t\t<\/span>\n\t\t\t\t<\/a>\n\t\t\t\t\t\t<\/div>\n\t\t\t\n\t\t<\/div>\n\t\t\n\t<\/div>\n\n<\/div>\n\n<div class=\"uael-post-wrapper   m\u0101rketing\">\n\t<div class=\"uael-post__bg-wrap\">\n\n\t\t\t\t\t<a href=\"https:\/\/web-studio.lv\/ru\/marketing\/%d0%ba%d0%b0%d0%ba-%d0%bf%d1%80%d0%b8%d0%b2%d0%bb%d0%b5%d1%87%d1%8c-%d0%b1%d0%be%d0%bb%d1%8c%d1%88%d0%b5-%d0%bf%d0%be%d1%81%d0%b5%d1%82%d0%b8%d1%82%d0%b5%d0%bb%d0%b5%d0%b9\/\" target=\"_blank\" class=\"uael-post__complete-box-overlay\" aria-label=\"\u0421\u0441\u044b\u043b\u043a\u0430 \u041f\u043e\u043b\u043d\u0430\u044f \u043a\u043e\u0440\u043e\u0431\u043a\u0430\"><\/a>\n\t\t\t\t\n\t\t<div class=\"uael-post__inner-wrap\">\n\n\t\t\n\t\t\t\n\t\t\t<div class=\"uael-post__content-wrap\">\n\t\t\t\t\t<h2 class=\"uael-post__title\">\n\n\t\t\t\t\t\u041a\u0430\u043a \u043f\u0440\u0438\u0432\u043b\u0435\u0447\u044c \u0431\u043e\u043b\u044c\u0448\u0435 \u043f\u043e\u0441\u0435\u0442\u0438\u0442\u0435\u043b\u0435\u0439 \u043a \u0432\u0430\u0448\u0435\u043c\u0443 \u0431\u043b\u043e\u0433\u0443\t\t\t\t<\/h2>\n\t\t\n\t\t<div class=\"uael-post__excerpt\">\n\t\t\t<p>\u041f\u0440\u0438\u0432\u043b\u0435\u0447\u044c \u0446\u0435\u043d\u043d\u044b\u0439 \u0442\u0440\u0430\u0444\u0438\u043a \u043d\u0430 \u043d\u043e\u0432\u044b\u0439 \u0431\u043b\u043e\u0433 \u043d\u0435\u043f\u0440\u043e\u0441\u0442\u043e, \u043d\u043e - \u0432\u043e\u0437\u043c\u043e\u0436\u043d\u043e. \u041a\u0430\u043a \u0443\u0432\u0435\u043b\u0438\u0447\u0438\u0442\u044c \u043a\u043e\u043b\u0438\u0447\u0435\u0441\u0442\u0432\u043e \u043f\u043e\u0441\u0435\u0442\u0438\u0442\u0435\u043b\u0435\u0439 \u0431\u043b\u043e\u0433\u0430 \u0438 \u043d\u0430 \u0447\u0442\u043e \u043d\u0435 \u0442\u0440\u0430\u0442\u0438\u0442\u044c \u0441\u0432\u043e\u0435 \u0432\u0440\u0435\u043c\u044f? <\/p>\n\t\t<\/div>\n\n\t\t\t\t\t<a class=\"uael-post__read-more elementor-button\" href=\"https:\/\/web-studio.lv\/ru\/marketing\/%d0%ba%d0%b0%d0%ba-%d0%bf%d1%80%d0%b8%d0%b2%d0%bb%d0%b5%d1%87%d1%8c-%d0%b1%d0%be%d0%bb%d1%8c%d1%88%d0%b5-%d0%bf%d0%be%d1%81%d0%b5%d1%82%d0%b8%d1%82%d0%b5%d0%bb%d0%b5%d0%b9\/\" target=\"_blank\" aria-labelledby=\"uael-post-3657\">\n\t\t\t\t\t<span class=\"elementor-button-content-wrapper\">\n\t\t\t\t\t\t\t\t\t\t\t\t\t\t<span class=\"elementor-button-icon elementor-align-icon-left\">\n\n\t\t\t\t\t\t\t\t\t\n\t\t\t\t\t\t\t\t<\/span>\n\t\t\t\t\t\t\t\t\t\t\t\t\t\n\t\t\t\t\t\t<span class=\"elementor-button-text\" id=\"uael-post-3657\">\u0427\u0438\u0442\u0430\u0442\u044c \u0441\u0442\u0430\u0442\u044c\u044e \u043f\u043e\u043b\u043d\u043e\u0441\u0442\u044c\u044e \u2192<\/span>\n\t\t\t\t\t<\/span>\n\t\t\t\t<\/a>\n\t\t\t\t\t\t<\/div>\n\t\t\t\n\t\t<\/div>\n\t\t\n\t<\/div>\n\n<\/div>\n\n<div class=\"uael-post-wrapper   m\u0101rketing seo\">\n\t<div class=\"uael-post__bg-wrap\">\n\n\t\t\t\t\t<a href=\"https:\/\/web-studio.lv\/ru\/marketing\/veiktspejas-datu-analize\/\" target=\"_blank\" class=\"uael-post__complete-box-overlay\" aria-label=\"\u0421\u0441\u044b\u043b\u043a\u0430 \u041f\u043e\u043b\u043d\u0430\u044f \u043a\u043e\u0440\u043e\u0431\u043a\u0430\"><\/a>\n\t\t\t\t\n\t\t<div class=\"uael-post__inner-wrap\">\n\n\t\t\n\t\t\t\n\t\t\t<div class=\"uael-post__content-wrap\">\n\t\t\t\t\t<h2 class=\"uael-post__title\">\n\n\t\t\t\t\t\u0410\u043d\u0430\u043b\u0438\u0437 \u0434\u0430\u043d\u043d\u044b\u0445 \u043e \u043f\u0440\u043e\u0438\u0437\u0432\u043e\u0434\u0438\u0442\u0435\u043b\u044c\u043d\u043e\u0441\u0442\u0438\t\t\t\t<\/h2>\n\t\t\n\t\t<div class=\"uael-post__excerpt\">\n\t\t\t<p>\u041a\u0430\u043a \u0438\u0437\u043c\u0435\u0440\u0438\u0442\u044c \u044d\u0444\u0444\u0435\u043a\u0442\u0438\u0432\u043d\u043e\u0441\u0442\u044c \u0441\u0430\u0439\u0442\u0430? \u041a\u0430\u043a\u0438\u0435 \u0434\u0430\u043d\u043d\u044b\u0435 \u0441\u043f\u043e\u0441\u043e\u0431\u0441\u0442\u0432\u0443\u044e\u0442 \u043f\u0440\u0438\u043d\u044f\u0442\u0438\u044e \u043f\u0440\u0430\u0432\u0438\u043b\u044c\u043d\u044b\u0445 \u0440\u0435\u0448\u0435\u043d\u0438\u0439, \u0430 \u043a\u0430\u043a\u0438\u0435, \u043d\u0430\u043e\u0431\u043e\u0440\u043e\u0442, \u0432\u0432\u043e\u0434\u044f\u0442 \u0432 \u0437\u0430\u0431\u043b\u0443\u0436\u0434\u0435\u043d\u0438\u0435?<\/p>\n\t\t<\/div>\n\n\t\t\t\t\t<a class=\"uael-post__read-more elementor-button\" href=\"https:\/\/web-studio.lv\/ru\/marketing\/veiktspejas-datu-analize\/\" target=\"_blank\" aria-labelledby=\"uael-post-3628\">\n\t\t\t\t\t<span class=\"elementor-button-content-wrapper\">\n\t\t\t\t\t\t\t\t\t\t\t\t\t\t<span class=\"elementor-button-icon elementor-align-icon-left\">\n\n\t\t\t\t\t\t\t\t\t\n\t\t\t\t\t\t\t\t<\/span>\n\t\t\t\t\t\t\t\t\t\t\t\t\t\n\t\t\t\t\t\t<span class=\"elementor-button-text\" id=\"uael-post-3628\">\u0427\u0438\u0442\u0430\u0442\u044c \u0441\u0442\u0430\u0442\u044c\u044e \u043f\u043e\u043b\u043d\u043e\u0441\u0442\u044c\u044e \u2192<\/span>\n\t\t\t\t\t<\/span>\n\t\t\t\t<\/a>\n\t\t\t\t\t\t<\/div>\n\t\t\t\n\t\t<\/div>\n\t\t\n\t<\/div>\n\n<\/div>\n\n<div class=\"uael-post-wrapper   m\u0101rketing\">\n\t<div class=\"uael-post__bg-wrap\">\n\n\t\t\t\t\t<a href=\"https:\/\/web-studio.lv\/ru\/marketing\/kas-ir-pardosanas-jeb-marketinga-piltuve\/\" target=\"_blank\" class=\"uael-post__complete-box-overlay\" aria-label=\"\u0421\u0441\u044b\u043b\u043a\u0430 \u041f\u043e\u043b\u043d\u0430\u044f \u043a\u043e\u0440\u043e\u0431\u043a\u0430\"><\/a>\n\t\t\t\t\n\t\t<div class=\"uael-post__inner-wrap\">\n\n\t\t\n\t\t\t\n\t\t\t<div class=\"uael-post__content-wrap\">\n\t\t\t\t\t<h2 class=\"uael-post__title\">\n\n\t\t\t\t\t\u0427\u0442\u043e \u0442\u0430\u043a\u043e\u0435 \u0432\u043e\u0440\u043e\u043d\u043a\u0430 \u043f\u0440\u043e\u0434\u0430\u0436 \u0438\u043b\u0438 \u043c\u0430\u0440\u043a\u0435\u0442\u0438\u043d\u0433\u0430?\t\t\t\t<\/h2>\n\t\t\n\t\t<div class=\"uael-post__excerpt\">\n\t\t\t<p>\u041a\u0430\u043a \u0440\u0430\u0437\u0434\u0435\u043b\u0438\u0442\u044c \u043f\u0440\u043e\u0446\u0435\u0441\u0441 \u043f\u0440\u043e\u0434\u0430\u0436 \u043d\u0430 \u043e\u0442\u0434\u0435\u043b\u044c\u043d\u044b\u0435 \u044d\u0442\u0430\u043f\u044b, \u0447\u0442\u043e\u0431\u044b \u0438\u043c \u043c\u043e\u0436\u043d\u043e \u0431\u044b\u043b\u043e \u043b\u0443\u0447\u0448\u0435 \u0443\u043f\u0440\u0430\u0432\u043b\u044f\u0442\u044c \u0438 \u043e\u0446\u0435\u043d\u0438\u0432\u0430\u0442\u044c? \u0418 \u043a\u0430\u043a \u0441\u043b\u0435\u0434\u0441\u0442\u0432\u0438\u0435 \u2013 \u043f\u043e\u0432\u044b\u0441\u0438\u0442\u044c \u044d\u0444\u0444\u0435\u043a\u0442\u0438\u0432\u043d\u043e\u0441\u0442\u044c \u043f\u0440\u043e\u0434\u0430\u0436. <\/p>\n\t\t<\/div>\n\n\t\t\t\t\t<a class=\"uael-post__read-more elementor-button\" href=\"https:\/\/web-studio.lv\/ru\/marketing\/kas-ir-pardosanas-jeb-marketinga-piltuve\/\" target=\"_blank\" aria-labelledby=\"uael-post-3541\">\n\t\t\t\t\t<span class=\"elementor-button-content-wrapper\">\n\t\t\t\t\t\t\t\t\t\t\t\t\t\t<span class=\"elementor-button-icon elementor-align-icon-left\">\n\n\t\t\t\t\t\t\t\t\t\n\t\t\t\t\t\t\t\t<\/span>\n\t\t\t\t\t\t\t\t\t\t\t\t\t\n\t\t\t\t\t\t<span class=\"elementor-button-text\" id=\"uael-post-3541\">\u0427\u0438\u0442\u0430\u0442\u044c \u0441\u0442\u0430\u0442\u044c\u044e \u043f\u043e\u043b\u043d\u043e\u0441\u0442\u044c\u044e \u2192<\/span>\n\t\t\t\t\t<\/span>\n\t\t\t\t<\/a>\n\t\t\t\t\t\t<\/div>\n\t\t\t\n\t\t<\/div>\n\t\t\n\t<\/div>\n\n<\/div>\n\n<div class=\"uael-post-wrapper   m\u0101rketing seo\">\n\t<div class=\"uael-post__bg-wrap\">\n\n\t\t\t\t\t<a href=\"https:\/\/web-studio.lv\/ru\/marketing\/%d0%bf%d0%be%d1%87%d0%b5%d0%bc%d1%83-digital-%d0%bc%d0%b0%d1%80%d0%ba%d0%b5%d1%82%d0%b8%d0%bd%d0%b3-%d0%bd%d0%b5-%d0%b4%d0%b0%d0%b5%d1%82-%d1%80%d0%b5%d0%b7%d1%83%d0%bb%d1%8c%d1%82%d0%b0%d1%82%d0%be\/\" target=\"_blank\" class=\"uael-post__complete-box-overlay\" aria-label=\"\u0421\u0441\u044b\u043b\u043a\u0430 \u041f\u043e\u043b\u043d\u0430\u044f \u043a\u043e\u0440\u043e\u0431\u043a\u0430\"><\/a>\n\t\t\t\t\n\t\t<div class=\"uael-post__inner-wrap\">\n\n\t\t\n\t\t\t\n\t\t\t<div class=\"uael-post__content-wrap\">\n\t\t\t\t\t<h2 class=\"uael-post__title\">\n\n\t\t\t\t\t\u041f\u043e\u0447\u0435\u043c\u0443 \u0434\u0438\u0433\u0438\u0442\u0430\u043b\u044c\u043d\u044b\u0439 \u043c\u0430\u0440\u043a\u0435\u0442\u0438\u043d\u0433 \u043d\u0435 \u0432\u0441\u0435\u0433\u0434\u0430 \u043f\u0440\u0438\u043d\u043e\u0441\u0438\u0442 \u0436\u0435\u043b\u0430\u0435\u043c\u044b\u0435 \u0440\u0435\u0437\u0443\u043b\u044c\u0442\u0430\u0442\u044b?\t\t\t\t<\/h2>\n\t\t\n\t\t<div class=\"uael-post__excerpt\">\n\t\t\t<p>\u0415\u0441\u043b\u0438 \u0432\u044b \u0445\u043e\u0442\u0438\u0442\u0435 \u0447\u0442\u043e-\u0442\u043e \u043f\u0440\u043e\u0434\u0430\u0442\u044c \u0432 \u0418\u043d\u0442\u0435\u0440\u043d\u0435\u0442\u0435, \u0432\u044b \u0434\u043e\u043b\u0436\u043d\u044b \u043f\u0440\u0438\u043d\u044f\u0442\u044c \u043c\u0435\u0440\u044b \u0434\u043b\u044f \u043f\u0440\u0438\u0432\u043b\u0435\u0447\u0435\u043d\u0438\u044f \u043f\u043e\u043a\u0443\u043f\u0430\u0442\u0435\u043b\u0435\u0439. \u041f\u043e\u0447\u0435\u043c\u0443 \u0443 \u043e\u0434\u043d\u0438\u0445 \u044d\u0442\u043e \u043f\u043e\u043b\u0443\u0447\u0430\u0435\u0442\u0441\u044f \u043b\u0443\u0447\u0448\u0435, \u0447\u0435\u043c \u0443 \u0434\u0440\u0443\u0433\u0438\u0445?<\/p>\n\t\t<\/div>\n\n\t\t\t\t\t<a class=\"uael-post__read-more elementor-button\" href=\"https:\/\/web-studio.lv\/ru\/marketing\/%d0%bf%d0%be%d1%87%d0%b5%d0%bc%d1%83-digital-%d0%bc%d0%b0%d1%80%d0%ba%d0%b5%d1%82%d0%b8%d0%bd%d0%b3-%d0%bd%d0%b5-%d0%b4%d0%b0%d0%b5%d1%82-%d1%80%d0%b5%d0%b7%d1%83%d0%bb%d1%8c%d1%82%d0%b0%d1%82%d0%be\/\" target=\"_blank\" aria-labelledby=\"uael-post-3524\">\n\t\t\t\t\t<span class=\"elementor-button-content-wrapper\">\n\t\t\t\t\t\t\t\t\t\t\t\t\t\t<span class=\"elementor-button-icon elementor-align-icon-left\">\n\n\t\t\t\t\t\t\t\t\t\n\t\t\t\t\t\t\t\t<\/span>\n\t\t\t\t\t\t\t\t\t\t\t\t\t\n\t\t\t\t\t\t<span class=\"elementor-button-text\" id=\"uael-post-3524\">\u0427\u0438\u0442\u0430\u0442\u044c \u0441\u0442\u0430\u0442\u044c\u044e \u043f\u043e\u043b\u043d\u043e\u0441\u0442\u044c\u044e \u2192<\/span>\n\t\t\t\t\t<\/span>\n\t\t\t\t<\/a>\n\t\t\t\t\t\t<\/div>\n\t\t\t\n\t\t<\/div>\n\t\t\n\t<\/div>\n\n<\/div>\n\n<div class=\"uael-post-wrapper   uncategorized\">\n\t<div class=\"uael-post__bg-wrap\">\n\n\t\t\t\t\t<a href=\"https:\/\/web-studio.lv\/ru\/uncategorized\/web-hostings\/\" target=\"_blank\" class=\"uael-post__complete-box-overlay\" aria-label=\"\u0421\u0441\u044b\u043b\u043a\u0430 \u041f\u043e\u043b\u043d\u0430\u044f \u043a\u043e\u0440\u043e\u0431\u043a\u0430\"><\/a>\n\t\t\t\t\n\t\t<div class=\"uael-post__inner-wrap\">\n\n\t\t\n\t\t\t\n\t\t\t<div class=\"uael-post__content-wrap\">\n\t\t\t\t\t<h2 class=\"uael-post__title\">\n\n\t\t\t\t\t\u0412\u0435\u0431 \u0445\u043e\u0441\u0442\u0438\u043d\u0433\t\t\t\t<\/h2>\n\t\t\n\t\t<div class=\"uael-post__excerpt\">\n\t\t\t<p>\u041a\u0430\u043a \u043d\u0430\u0439\u0442\u0438 \u043a\u0430\u0447\u0435\u0441\u0442\u0432\u0435\u043d\u043d\u044b\u0439 \u0445\u043e\u0441\u0442\u0438\u043d\u0433 \u0438 \u043d\u0435 \u043f\u0435\u0440\u0435\u043f\u043b\u0430\u0442\u0438\u0442\u044c, \u0438\u043b\u0438 \u043a\u0430\u043a \u0432\u044b\u0431\u0440\u0430\u0442\u044c \u043b\u0443\u0447\u0448\u0438\u0435 \u0445\u043e\u0441\u0442\u0438\u043d\u0433\u0438 \u0434\u043b\u044f \u0441\u0432\u043e\u0435\u0433\u043e \u0441\u0430\u0439\u0442\u0430.<\/p>\n\t\t<\/div>\n\n\t\t\t\t\t<a class=\"uael-post__read-more elementor-button\" href=\"https:\/\/web-studio.lv\/ru\/uncategorized\/web-hostings\/\" target=\"_blank\" aria-labelledby=\"uael-post-3471\">\n\t\t\t\t\t<span class=\"elementor-button-content-wrapper\">\n\t\t\t\t\t\t\t\t\t\t\t\t\t\t<span class=\"elementor-button-icon elementor-align-icon-left\">\n\n\t\t\t\t\t\t\t\t\t\n\t\t\t\t\t\t\t\t<\/span>\n\t\t\t\t\t\t\t\t\t\t\t\t\t\n\t\t\t\t\t\t<span class=\"elementor-button-text\" id=\"uael-post-3471\">\u0427\u0438\u0442\u0430\u0442\u044c \u0441\u0442\u0430\u0442\u044c\u044e \u043f\u043e\u043b\u043d\u043e\u0441\u0442\u044c\u044e \u2192<\/span>\n\t\t\t\t\t<\/span>\n\t\t\t\t<\/a>\n\t\t\t\t\t\t<\/div>\n\t\t\t\n\t\t<\/div>\n\t\t\n\t<\/div>\n\n<\/div>\n\n<div class=\"uael-post-wrapper   m\u0101rketing\">\n\t<div class=\"uael-post__bg-wrap\">\n\n\t\t\t\t\t<a href=\"https:\/\/web-studio.lv\/ru\/marketing\/digital-%d0%bc%d0%b0%d1%80%d0%ba%d0%b5%d1%82%d0%b8%d0%bd%d0%b3\/\" target=\"_blank\" class=\"uael-post__complete-box-overlay\" aria-label=\"\u0421\u0441\u044b\u043b\u043a\u0430 \u041f\u043e\u043b\u043d\u0430\u044f \u043a\u043e\u0440\u043e\u0431\u043a\u0430\"><\/a>\n\t\t\t\t\n\t\t<div class=\"uael-post__inner-wrap\">\n\n\t\t\n\t\t\t\n\t\t\t<div class=\"uael-post__content-wrap\">\n\t\t\t\t\t<h2 class=\"uael-post__title\">\n\n\t\t\t\t\t\u0426\u0438\u0444\u0440\u043e\u0432\u043e\u0439 \u043c\u0430\u0440\u043a\u0435\u0442\u0438\u043d\u0433\t\t\t\t<\/h2>\n\t\t\n\t\t<div class=\"uael-post__excerpt\">\n\t\t\t<p>\u0427\u0442\u043e \u0442\u0430\u043a\u043e\u0435 \u0446\u0438\u0444\u0440\u043e\u0432\u043e\u0439 \u043c\u0430\u0440\u043a\u0435\u0442\u0438\u043d\u0433, \u043a\u0430\u043a \u043e\u043d \u0440\u0430\u0431\u043e\u0442\u0430\u0435\u0442 \u0438 \u0437\u0430\u0447\u0435\u043c \u043e\u043d \u043d\u0443\u0436\u0435\u043d?<\/p>\n\t\t<\/div>\n\n\t\t\t\t\t<a class=\"uael-post__read-more elementor-button\" href=\"https:\/\/web-studio.lv\/ru\/marketing\/digital-%d0%bc%d0%b0%d1%80%d0%ba%d0%b5%d1%82%d0%b8%d0%bd%d0%b3\/\" target=\"_blank\" aria-labelledby=\"uael-post-3385\">\n\t\t\t\t\t<span class=\"elementor-button-content-wrapper\">\n\t\t\t\t\t\t\t\t\t\t\t\t\t\t<span class=\"elementor-button-icon elementor-align-icon-left\">\n\n\t\t\t\t\t\t\t\t\t\n\t\t\t\t\t\t\t\t<\/span>\n\t\t\t\t\t\t\t\t\t\t\t\t\t\n\t\t\t\t\t\t<span class=\"elementor-button-text\" id=\"uael-post-3385\">\u0427\u0438\u0442\u0430\u0442\u044c \u0441\u0442\u0430\u0442\u044c\u044e \u043f\u043e\u043b\u043d\u043e\u0441\u0442\u044c\u044e \u2192<\/span>\n\t\t\t\t\t<\/span>\n\t\t\t\t<\/a>\n\t\t\t\t\t\t<\/div>\n\t\t\t\n\t\t<\/div>\n\t\t\n\t<\/div>\n\n<\/div>\n\t\t\t\t<\/div>\n\t\t\t\t\t\t\n\t\t<\/div>\n\n\t\t\t\t\t\t<\/div>\n\t\t<div class=\"uael-post__footer\">\n\t\t\t\t\t\t<nav class=\"uael-grid-pagination\"  role=\"navigation\" aria-label=\"\u041f\u0430\u0433\u0438\u043d\u0430\u0446\u0438\u044f\" data-total=\"2\" data-next-page=\"2\">\n\t\t\t\t<span aria-current=\"page\" class=\"page-numbers current\">1<\/span>\n<a class=\"page-numbers\" href=\"https:\/\/web-studio.lv\/ru\/wp-json\/wp\/v2\/pages\/3244\/page\/2\/\">2<\/a>\n<a class=\"next page-numbers\" href=\"https:\/\/web-studio.lv\/ru\/wp-json\/wp\/v2\/pages\/3244\/page\/2\/\">\u0414\u0430\u043b\u0435\u0435 \u2192<\/a>\t\t\t<\/nav>\n\t\t\t\t\t<\/div>\n\t\t\t\t\t\t<\/div>\n\t\t\t\t<\/div>\n\t\t\t\t\t<\/div>\n\t\t<\/div>\n\t\t\t\t\t<\/div>\n\t\t<\/section>\n\t\t\t\t<\/div>","protected":false},"excerpt":{"rendered":"<p>Digit\u0101l\u0101s strat\u0113\u0123ijas ce\u013cvedis 2026 : kas main\u012bsies un k\u0101 r\u012bkoties? Digit\u0101l\u0101s strat\u0113\u0123ijas ce\u013cvedis 2026 Kas main\u012bsies un k\u0101 r\u012bkoties? Fakts: Jaun\u0101 mekl\u0113\u0161anas realit\u0101te (&#8220;Zero-Click&#8221; un &#8220;Search Everywhere&#8221;) Mekl\u0113\u0161ana vairs nenotiek tikai Google, un t\u0101 vairs nebeidzas tikai tav\u0101 m\u0101jaslap\u0101. Lietot\u0101js sa\u0146em atbildi uzreiz mekl\u0113t\u0101j\u0101 vai soci\u0101lajos t\u012bklos (TikTok, YouTube). Kas Tevi sagaida, ja \u0161o tendenci [&hellip;]<\/p>\n","protected":false},"author":2,"featured_media":0,"parent":0,"menu_order":0,"comment_status":"closed","ping_status":"closed","template":"elementor_header_footer","meta":{"footnotes":""},"class_list":["post-3244","page","type-page","status-publish","hentry"],"_links":{"self":[{"href":"https:\/\/web-studio.lv\/ru\/wp-json\/wp\/v2\/pages\/3244","targetHints":{"allow":["GET"]}}],"collection":[{"href":"https:\/\/web-studio.lv\/ru\/wp-json\/wp\/v2\/pages"}],"about":[{"href":"https:\/\/web-studio.lv\/ru\/wp-json\/wp\/v2\/types\/page"}],"author":[{"embeddable":true,"href":"https:\/\/web-studio.lv\/ru\/wp-json\/wp\/v2\/users\/2"}],"replies":[{"embeddable":true,"href":"https:\/\/web-studio.lv\/ru\/wp-json\/wp\/v2\/comments?post=3244"}],"version-history":[{"count":0,"href":"https:\/\/web-studio.lv\/ru\/wp-json\/wp\/v2\/pages\/3244\/revisions"}],"wp:attachment":[{"href":"https:\/\/web-studio.lv\/ru\/wp-json\/wp\/v2\/media?parent=3244"}],"curies":[{"name":"wp","href":"https:\/\/api.w.org\/{rel}","templated":true}]}}